{"id":5510,"date":"2026-02-11T23:28:53","date_gmt":"2026-02-11T22:28:53","guid":{"rendered":"https:\/\/bolastay.com\/?page_id=5510"},"modified":"2026-02-12T14:52:05","modified_gmt":"2026-02-12T13:52:05","slug":"conditions-generales-de-reservation","status":"publish","type":"page","link":"https:\/\/bolastay.com\/en\/conditions-generales-de-reservation\/","title":{"rendered":"Conditions G\u00e9n\u00e9rales de R\u00e9servation"},"content":{"rendered":"<div data-elementor-type=\"wp-page\" data-elementor-id=\"5510\" class=\"elementor elementor-5510\">\n\t\t\t\t<div class=\"elementor-element elementor-element-9f87b70 e-flex e-con-boxed e-con e-parent\" data-id=\"9f87b70\" data-element_type=\"container\" data-e-type=\"container\" data-settings=\"{&quot;shape_divider_top&quot;:&quot;drops&quot;}\">\n\t\t\t\t\t<div class=\"e-con-inner\">\n\t\t\t\t<div class=\"elementor-shape elementor-shape-top\" aria-hidden=\"true\" data-negative=\"false\">\n\t\t\t<svg xmlns=\"http:\/\/www.w3.org\/2000\/svg\" height=\"100%\" viewbox=\"0 0 283.5 27.8\" preserveaspectratio=\"xMidYMax slice\">\n\t<path class=\"elementor-shape-fill\" d=\"M0 0v1.4c.6.7 1.1 1.4 1.4 2 2 3.8 2.2 6.6 1.8 10.8-.3 3.3-2.4 9.4 0 12.3 1.7 2 3.7 1.4 4.6-.9 1.4-3.8-.7-8.2-.6-12 .1-3.7 3.2-5.5 6.9-4.9 4 .6 4.8 4 4.9 7.4.1 1.8-1.1 7 0 8.5.6.8 1.6 1.2 2.4.5 1.4-1.1.1-5.4.1-6.9.1-3.7.3-8.6 4.1-10.5 5-2.5 6.2 1.6 5.4 5.6-.4 1.7-1 9.2 2.9 6.3 1.5-1.1.7-3.5.5-4.9-.4-2.4-.4-4.3 1-6.5.9-1.4 2.4-3.1 4.2-3 2.4.1 2.7 2.2 4 3.7 1.5 1.8 1.8 2.2 3 .1 1.1-1.9 1.2-2.8 3.6-3.3 1.3-.3 4.8-1.4 5.9-.5 1.5 1.1.6 2.8.4 4.3-.2 1.1-.6 4 1.8 3.4 1.7-.4-.3-4.1.6-5.6 1.3-2.2 5.8-1.4 7 .5 1.3 2.1.5 5.8.1 8.1s-1.2 5-.6 7.4c1.3 5.1 4.4.9 4.3-2.4-.1-4.4-2-8.8-.5-13 .9-2.4 4.6-6.6 7.7-4.5 2.7 1.8.5 7.8.2 10.3-.2 1.7-.8 4.6.2 6.2.9 1.4 2 1.5 2.6-.3.5-1.5-.9-4.5-1-6.1-.2-1.7-.4-3.7.2-5.4 1.8-5.6 3.5 2.4 6.3.6 1.4-.9 4.3-9.4 6.1-3.1.6 2.2-1.3 7.8.7 8.9 4.2 2.3 1.5-7.1 2.2-8 3.1-4 4.7 3.8 6.1 4.1 3.1.7 2.8-7.9 8.1-4.5 1.7 1.1 2.9 3.3 3.2 5.2.4 2.2-1 4.5-.6 6.6 1 4.3 4.4 1.5 4.4-1.7 0-2.7-3-8.3 1.4-9.1 4.4-.9 7.3 3.5 7.8 6.9.3 2-1.5 10.9 1.3 11.3 4.1.6-3.2-15.7 4.8-15.8 4.7-.1 2.8 4.1 3.9 6.6 1 2.4 2.1 1 2.3-.8.3-1.9-.9-3.2 1.3-4.3 5.9-2.9 5.9 5.4 5.5 8.5-.3 2-1.7 8.4 2 8.1 6.9-.5-2.8-16.9 4.8-18.7 4.7-1.2 6.1 3.6 6.3 7.1.1 1.7-1.2 8.1.6 9.1 3.5 2 1.9-7 2-8.4.2-4 1.2-9.6 6.4-9.8 4.7-.2 3.2 4.6 2.7 7.5-.4 2.2 1.3 8.6 3.8 4.4 1.1-1.9-.3-4.1-.3-6 0-1.7.4-3.2 1.3-4.6 1-1.6 2.9-3.5 5.1-2.9 2.5.6 2.3 4.1 4.1 4.9 1.9.8 1.6-.9 2.3-2.1 1.2-2.1 2.1-2.1 4.4-2.4 1.4-.2 3.6-1.5 4.9-.5 2.3 1.7-.7 4.4.1 6.5.6 1.5 2.1 1.7 2.8.3.7-1.4-1.1-3.4-.3-4.8 1.4-2.5 6.2-1.2 7.2 1 2.3 4.8-3.3 12-.2 16.3 3 4.1 3.9-2.8 3.8-4.8-.4-4.3-2.1-8.9 0-13.1 1.3-2.5 5.9-5.7 7.9-2.4 2 3.2-1.3 9.8-.8 13.4.5 4.4 3.5 3.3 2.7-.8-.4-1.9-2.4-10 .6-11.1 3.7-1.4 2.8 7.2 6.5.4 2.2-4.1 4.9-3.1 5.2 1.2.1 1.5-.6 3.1-.4 4.6.2 1.9 1.8 3.7 3.3 1.3 1-1.6-2.6-10.4 2.9-7.3 2.6 1.5 1.6 6.5 4.8 2.7 1.3-1.5 1.7-3.6 4-3.7 2.2-.1 4 2.3 4.8 4.1 1.3 2.9-1.5 8.4.9 10.3 4.2 3.3 3-5.5 2.7-6.9-.6-3.9 1-7.2 5.5-5 4.1 2.1 4.3 7.7 4.1 11.6 0 .8-.6 9.5 2.5 5.2 1.2-1.7-.1-7.7.1-9.6.3-2.9 1.2-5.5 4.3-6.2 4.5-1 7.7 1.5 7.4 5.8-.2 3.5-1.8 7.7-.5 11.1 1 2.7 3.6 2.8 5 .2 1.6-3.1 0-8.3-.4-11.6-.4-4.2-.2-7 1.8-10.8 0 0-.1.1-.1.2-.2.4-.3.7-.4.8v.1c-.1.2-.1.2 0 0v-.1l.4-.8c0-.1.1-.1.1-.2.2-.4.5-.8.8-1.2V0H0zM282.7 3.4z\"\/>\n<\/svg>\t\t<\/div>\n\t\t\t\t<div class=\"elementor-element elementor-element-f309833 elementor-widget elementor-widget-spacer\" data-id=\"f309833\" data-element_type=\"widget\" data-e-type=\"widget\" data-widget_type=\"spacer.default\">\n\t\t\t\t\t\t\t<div class=\"elementor-spacer\">\n\t\t\t<div class=\"elementor-spacer-inner\"><\/div>\n\t\t<\/div>\n\t\t\t\t\t\t<\/div>\n\t\t\t\t\t<\/div>\n\t\t\t\t<\/div>\n\t\t<div class=\"elementor-element elementor-element-4384bae e-flex e-con-boxed e-con e-parent\" data-id=\"4384bae\" data-element_type=\"container\" data-e-type=\"container\">\n\t\t\t\t\t<div class=\"e-con-inner\">\n\t\t\t\t<div class=\"elementor-element elementor-element-ae67e97 elementor-view-framed elementor-position-inline-start elementor-shape-circle elementor-mobile-position-block-start elementor-widget elementor-widget-icon-box\" data-id=\"ae67e97\" data-element_type=\"widget\" data-e-type=\"widget\" data-widget_type=\"icon-box.default\">\n\t\t\t\t\t\t\t<div class=\"elementor-icon-box-wrapper\">\n\n\t\t\t\t\t\t<div class=\"elementor-icon-box-icon\">\n\t\t\t\t<span  class=\"elementor-icon\">\n\t\t\t\t<svg aria-hidden=\"true\" class=\"e-font-icon-svg e-fas-book-reader\" viewbox=\"0 0 512 512\" xmlns=\"http:\/\/www.w3.org\/2000\/svg\"><path d=\"M352 96c0-53.02-42.98-96-96-96s-96 42.98-96 96 42.98 96 96 96 96-42.98 96-96zM233.59 241.1c-59.33-36.32-155.43-46.3-203.79-49.05C13.55 191.13 0 203.51 0 219.14v222.8c0 14.33 11.59 26.28 26.49 27.05 43.66 2.29 131.99 10.68 193.04 41.43 9.37 4.72 20.48-1.71 20.48-11.87V252.56c-.01-4.67-2.32-8.95-6.42-11.46zm248.61-49.05c-48.35 2.74-144.46 12.73-203.78 49.05-4.1 2.51-6.41 6.96-6.41 11.63v245.79c0 10.19 11.14 16.63 20.54 11.9 61.04-30.72 149.32-39.11 192.97-41.4 14.9-.78 26.49-12.73 26.49-27.06V219.14c-.01-15.63-13.56-28.01-29.81-27.09z\"><\/path><\/svg>\t\t\t\t<\/span>\n\t\t\t<\/div>\n\t\t\t\n\t\t\t\t\t\t<div class=\"elementor-icon-box-content\">\n\n\t\t\t\t\t\t\t\t\t<h3 class=\"elementor-icon-box-title\">\n\t\t\t\t\t\t<span  >\n\t\t\t\t\t\t\tConditions G\u00e9n\u00e9rales de R\u00e9servation\t\t\t\t\t\t<\/span>\n\t\t\t\t\t<\/h3>\n\t\t\t\t\n\t\t\t\t\t\t\t\t\t<p class=\"elementor-icon-box-description\">\n\t\t\t\t\t\tCes Conditions G\u00e9n\u00e9rales de R\u00e9servation encadrent le processus de r\u00e9servation, les modalit\u00e9s de paiement, les conditions d\u2019annulation et les responsabilit\u00e9s respectives des utilisateurs, afin de garantir une exp\u00e9rience transparente, s\u00e9curis\u00e9e et conforme aux r\u00e8gles de la plateforme BolaStay.\t\t\t\t\t<\/p>\n\t\t\t\t\n\t\t\t<\/div>\n\t\t\t\n\t\t<\/div>\n\t\t\t\t\t\t<\/div>\n\t\t\t\t<div class=\"elementor-element elementor-element-3e22a81 elementor-widget elementor-widget-text-editor\" data-id=\"3e22a81\" data-element_type=\"widget\" data-e-type=\"widget\" data-widget_type=\"text-editor.default\">\n\t\t\t\t\t\t\t\t\t<h2 data-start=\"461\" data-end=\"498\">Article 1 \u2013 R\u00f4le de la plateforme<\/h2><p data-start=\"500\" data-end=\"605\">BolaStay est une plateforme num\u00e9rique agissant exclusivement en qualit\u00e9 d\u2019interm\u00e9diaire technique entre :<\/p><ul><li data-start=\"609\" data-end=\"656\">Les h\u00f4tes (propri\u00e9taires ou agents immobiliers)<\/li><li data-start=\"659\" data-end=\"672\">Les voyageurs<\/li><\/ul><p data-start=\"674\" data-end=\"760\">BolaStay n\u2019est ni propri\u00e9taire des logements, ni exploitant direct des biens propos\u00e9s.<\/p><hr data-start=\"762\" data-end=\"765\" \/><h3 data-start=\"767\" data-end=\"807\">\u00a0<\/h3><h2 data-start=\"767\" data-end=\"807\">Article 2 \u2013 Processus de r\u00e9servation<\/h2><p data-start=\"809\" data-end=\"863\">La r\u00e9servation peut s\u2019effectuer selon deux modalit\u00e9s :<\/p><ol><li data-start=\"868\" data-end=\"893\">R\u00e9servation instantan\u00e9e<\/li><li data-start=\"897\" data-end=\"952\">Demande de r\u00e9servation (soumise \u00e0 validation de l\u2019h\u00f4te)<\/li><\/ol><p data-start=\"954\" data-end=\"1024\">La confirmation est r\u00e9put\u00e9e effective apr\u00e8s validation et\/ou paiement.<\/p><hr data-start=\"1026\" data-end=\"1029\" \/><h3 data-start=\"1031\" data-end=\"1055\">\u00a0<\/h3><h2 data-start=\"1031\" data-end=\"1055\">Article 3 \u2013 Paiement<\/h2><p data-start=\"1057\" data-end=\"1080\">Le paiement peut \u00eatre :<\/p><ul><li data-start=\"1084\" data-end=\"1144\">En ligne via les moyens de paiement int\u00e9gr\u00e9s \u00e0 la plateforme<\/li><li data-start=\"1147\" data-end=\"1208\">Effectu\u00e9 localement selon les conditions pr\u00e9cis\u00e9es par l\u2019h\u00f4te<\/li><\/ul><p data-start=\"1210\" data-end=\"1272\">BolaStay peut percevoir une commission sur chaque r\u00e9servation.<\/p><p data-start=\"1274\" data-end=\"1404\">En cas de paiement en ligne, les fonds peuvent transiter par la plateforme avant reversement \u00e0 l\u2019h\u00f4te selon les modalit\u00e9s pr\u00e9vues.<\/p><hr data-start=\"1406\" data-end=\"1409\" \/><h3 data-start=\"1411\" data-end=\"1438\">\u00a0<\/h3><h2 data-start=\"1411\" data-end=\"1438\">Article 4 \u2013 Commissions<\/h2><p data-start=\"1440\" data-end=\"1539\">Les h\u00f4tes acceptent que BolaStay per\u00e7oive une commission dont le taux est d\u00e9fini par la plateforme.<\/p><p data-start=\"1541\" data-end=\"1568\">Le taux peut varier selon :<\/p><ul><li data-start=\"1572\" data-end=\"1591\">Le statut du compte<\/li><li data-start=\"1594\" data-end=\"1614\">Le volume d\u2019activit\u00e9<\/li><li data-start=\"1617\" data-end=\"1668\">Les accords sp\u00e9cifiques avec les agents immobiliers<\/li><\/ul><hr data-start=\"1670\" data-end=\"1673\" \/><h3 data-start=\"1675\" data-end=\"1701\">\u00a0<\/h3><h2 data-start=\"1675\" data-end=\"1701\">Article 5 \u2013 Annulation<\/h2><p data-start=\"1703\" data-end=\"1795\">Les conditions d\u2019annulation sont d\u00e9termin\u00e9es par l\u2019h\u00f4te lors de la publication de l\u2019annonce.<\/p><p data-start=\"1797\" data-end=\"1916\">BolaStay ne peut \u00eatre tenue responsable des pertes financi\u00e8res r\u00e9sultant d\u2019une annulation conforme aux r\u00e8gles d\u00e9finies.<\/p><hr data-start=\"1918\" data-end=\"1921\" \/><h3 data-start=\"1923\" data-end=\"1953\">\u00a0<\/h3><h2 data-start=\"1923\" data-end=\"1953\">Article 6 \u2013 Responsabilit\u00e9<\/h2><p data-start=\"1955\" data-end=\"1981\">BolaStay ne garantit pas :<\/p><ul><li data-start=\"1985\" data-end=\"2017\">La conformit\u00e9 exacte du logement<\/li><li data-start=\"2020\" data-end=\"2046\">La qualit\u00e9 des prestations<\/li><li data-start=\"2049\" data-end=\"2076\">Le comportement des parties<\/li><\/ul><p data-start=\"2078\" data-end=\"2156\">La responsabilit\u00e9 contractuelle incombe exclusivement \u00e0 l\u2019h\u00f4te et au voyageur.<\/p><hr data-start=\"2158\" data-end=\"2161\" \/><h3 data-start=\"2163\" data-end=\"2186\">\u00a0<\/h3><h2 data-start=\"2163\" data-end=\"2186\">Article 7 \u2013 Litiges<\/h2><p data-start=\"2188\" data-end=\"2206\">En cas de litige :<\/p><ol><li data-start=\"2211\" data-end=\"2266\">Les parties doivent privil\u00e9gier une r\u00e9solution amiable.<\/li><li data-start=\"2270\" data-end=\"2347\">BolaStay peut intervenir en qualit\u00e9 de m\u00e9diateur sans obligation de r\u00e9sultat.<\/li><li data-start=\"2351\" data-end=\"2420\">Toute action judiciaire rel\u00e8ve des juridictions comp\u00e9tentes au B\u00e9nin.<\/li><\/ol><hr data-start=\"2422\" data-end=\"2425\" \/><h3 data-start=\"2427\" data-end=\"2457\">\u00a0<\/h3><h2 data-start=\"2427\" data-end=\"2457\">Article 8 \u2013 Fraude et abus<\/h2><p data-start=\"2459\" data-end=\"2565\">Toute tentative de contournement de la plateforme pour \u00e9viter le paiement de commission pourra entra\u00eener :<\/p><ul><li data-start=\"2569\" data-end=\"2599\">Suspension imm\u00e9diate du compte<\/li><li data-start=\"2602\" data-end=\"2626\">Suppression des annonces<\/li><li data-start=\"2629\" data-end=\"2660\">Interdiction d\u00e9finitive d\u2019acc\u00e8s<\/li><\/ul><h2 data-start=\"2667\" data-end=\"2717\">\u00a0<\/h2><h2 data-start=\"2719\" data-end=\"2765\">Article suppl\u00e9mentaire \u2013 Agents immobiliers<\/h2><p data-start=\"2767\" data-end=\"2812\">Les agents immobiliers et agences d\u00e9clarent :<\/p><ul><li data-start=\"2816\" data-end=\"2878\">Disposer des autorisations n\u00e9cessaires pour publier les biens.<\/li><li data-start=\"2881\" data-end=\"2917\">\u00catre mandat\u00e9s par les propri\u00e9taires.<\/li><li data-start=\"2920\" data-end=\"2979\">Assumer l\u2019enti\u00e8re responsabilit\u00e9 des informations publi\u00e9es.<\/li><\/ul><p data-start=\"2981\" data-end=\"3040\">BolaStay se r\u00e9serve le droit de demander tout justificatif.<\/p>\t\t\t\t\t\t\t\t<\/div>\n\t\t\t\t\t<\/div>\n\t\t\t\t<\/div>\n\t\t\t\t<\/div>","protected":false},"excerpt":{"rendered":"<p>Conditions G\u00e9n\u00e9rales de R\u00e9servation Ces Conditions G\u00e9n\u00e9rales de R\u00e9servation encadrent le processus de r\u00e9servation, les modalit\u00e9s de paiement, les conditions d\u2019annulation et les responsabilit\u00e9s respectives des utilisateurs, afin de garantir une exp\u00e9rience transparente, s\u00e9curis\u00e9e et conforme aux r\u00e8gles de la plateforme BolaStay. Article 1 \u2013 R\u00f4le de la plateforme BolaStay est une plateforme num\u00e9rique agissant [&hellip;]<\/p>\n","protected":false},"author":1,"featured_media":0,"parent":0,"menu_order":0,"comment_status":"closed","ping_status":"closed","template":"elementor_header_footer","meta":{"_monsterinsights_skip_tracking":false,"_monsterinsights_sitenote_active":false,"_monsterinsights_sitenote_note":"","_monsterinsights_sitenote_category":0,"footnotes":""},"class_list":["post-5510","page","type-page","status-publish","hentry"],"aioseo_notices":[],"_hostinger_reach_plugin_has_subscription_block":false,"_hostinger_reach_plugin_is_elementor":false,"_links":{"self":[{"href":"https:\/\/bolastay.com\/en\/wp-json\/wp\/v2\/pages\/5510","targetHints":{"allow":["GET"]}}],"collection":[{"href":"https:\/\/bolastay.com\/en\/wp-json\/wp\/v2\/pages"}],"about":[{"href":"https:\/\/bolastay.com\/en\/wp-json\/wp\/v2\/types\/page"}],"author":[{"embeddable":true,"href":"https:\/\/bolastay.com\/en\/wp-json\/wp\/v2\/users\/1"}],"replies":[{"embeddable":true,"href":"https:\/\/bolastay.com\/en\/wp-json\/wp\/v2\/comments?post=5510"}],"version-history":[{"count":28,"href":"https:\/\/bolastay.com\/en\/wp-json\/wp\/v2\/pages\/5510\/revisions"}],"predecessor-version":[{"id":5667,"href":"https:\/\/bolastay.com\/en\/wp-json\/wp\/v2\/pages\/5510\/revisions\/5667"}],"wp:attachment":[{"href":"https:\/\/bolastay.com\/en\/wp-json\/wp\/v2\/media?parent=5510"}],"curies":[{"name":"wp","href":"https:\/\/api.w.org\/{rel}","templated":true}]}}