{"id":5508,"date":"2026-02-11T23:27:53","date_gmt":"2026-02-11T22:27:53","guid":{"rendered":"https:\/\/bolastay.com\/?page_id=5508"},"modified":"2026-02-12T14:47:54","modified_gmt":"2026-02-12T13:47:54","slug":"politique-de-confidentialite","status":"publish","type":"page","link":"https:\/\/bolastay.com\/en\/politique-de-confidentialite\/","title":{"rendered":"Politique de Confidentialit\u00e9"},"content":{"rendered":"<div data-elementor-type=\"wp-page\" data-elementor-id=\"5508\" class=\"elementor elementor-5508\">\n\t\t\t\t<div class=\"elementor-element elementor-element-02c3e52 e-flex e-con-boxed e-con e-parent\" data-id=\"02c3e52\" data-element_type=\"container\" data-e-type=\"container\" data-settings=\"{&quot;shape_divider_top&quot;:&quot;drops&quot;}\">\n\t\t\t\t\t<div class=\"e-con-inner\">\n\t\t\t\t<div class=\"elementor-shape elementor-shape-top\" aria-hidden=\"true\" data-negative=\"false\">\n\t\t\t<svg xmlns=\"http:\/\/www.w3.org\/2000\/svg\" height=\"100%\" viewbox=\"0 0 283.5 27.8\" preserveaspectratio=\"xMidYMax slice\">\n\t<path class=\"elementor-shape-fill\" d=\"M0 0v1.4c.6.7 1.1 1.4 1.4 2 2 3.8 2.2 6.6 1.8 10.8-.3 3.3-2.4 9.4 0 12.3 1.7 2 3.7 1.4 4.6-.9 1.4-3.8-.7-8.2-.6-12 .1-3.7 3.2-5.5 6.9-4.9 4 .6 4.8 4 4.9 7.4.1 1.8-1.1 7 0 8.5.6.8 1.6 1.2 2.4.5 1.4-1.1.1-5.4.1-6.9.1-3.7.3-8.6 4.1-10.5 5-2.5 6.2 1.6 5.4 5.6-.4 1.7-1 9.2 2.9 6.3 1.5-1.1.7-3.5.5-4.9-.4-2.4-.4-4.3 1-6.5.9-1.4 2.4-3.1 4.2-3 2.4.1 2.7 2.2 4 3.7 1.5 1.8 1.8 2.2 3 .1 1.1-1.9 1.2-2.8 3.6-3.3 1.3-.3 4.8-1.4 5.9-.5 1.5 1.1.6 2.8.4 4.3-.2 1.1-.6 4 1.8 3.4 1.7-.4-.3-4.1.6-5.6 1.3-2.2 5.8-1.4 7 .5 1.3 2.1.5 5.8.1 8.1s-1.2 5-.6 7.4c1.3 5.1 4.4.9 4.3-2.4-.1-4.4-2-8.8-.5-13 .9-2.4 4.6-6.6 7.7-4.5 2.7 1.8.5 7.8.2 10.3-.2 1.7-.8 4.6.2 6.2.9 1.4 2 1.5 2.6-.3.5-1.5-.9-4.5-1-6.1-.2-1.7-.4-3.7.2-5.4 1.8-5.6 3.5 2.4 6.3.6 1.4-.9 4.3-9.4 6.1-3.1.6 2.2-1.3 7.8.7 8.9 4.2 2.3 1.5-7.1 2.2-8 3.1-4 4.7 3.8 6.1 4.1 3.1.7 2.8-7.9 8.1-4.5 1.7 1.1 2.9 3.3 3.2 5.2.4 2.2-1 4.5-.6 6.6 1 4.3 4.4 1.5 4.4-1.7 0-2.7-3-8.3 1.4-9.1 4.4-.9 7.3 3.5 7.8 6.9.3 2-1.5 10.9 1.3 11.3 4.1.6-3.2-15.7 4.8-15.8 4.7-.1 2.8 4.1 3.9 6.6 1 2.4 2.1 1 2.3-.8.3-1.9-.9-3.2 1.3-4.3 5.9-2.9 5.9 5.4 5.5 8.5-.3 2-1.7 8.4 2 8.1 6.9-.5-2.8-16.9 4.8-18.7 4.7-1.2 6.1 3.6 6.3 7.1.1 1.7-1.2 8.1.6 9.1 3.5 2 1.9-7 2-8.4.2-4 1.2-9.6 6.4-9.8 4.7-.2 3.2 4.6 2.7 7.5-.4 2.2 1.3 8.6 3.8 4.4 1.1-1.9-.3-4.1-.3-6 0-1.7.4-3.2 1.3-4.6 1-1.6 2.9-3.5 5.1-2.9 2.5.6 2.3 4.1 4.1 4.9 1.9.8 1.6-.9 2.3-2.1 1.2-2.1 2.1-2.1 4.4-2.4 1.4-.2 3.6-1.5 4.9-.5 2.3 1.7-.7 4.4.1 6.5.6 1.5 2.1 1.7 2.8.3.7-1.4-1.1-3.4-.3-4.8 1.4-2.5 6.2-1.2 7.2 1 2.3 4.8-3.3 12-.2 16.3 3 4.1 3.9-2.8 3.8-4.8-.4-4.3-2.1-8.9 0-13.1 1.3-2.5 5.9-5.7 7.9-2.4 2 3.2-1.3 9.8-.8 13.4.5 4.4 3.5 3.3 2.7-.8-.4-1.9-2.4-10 .6-11.1 3.7-1.4 2.8 7.2 6.5.4 2.2-4.1 4.9-3.1 5.2 1.2.1 1.5-.6 3.1-.4 4.6.2 1.9 1.8 3.7 3.3 1.3 1-1.6-2.6-10.4 2.9-7.3 2.6 1.5 1.6 6.5 4.8 2.7 1.3-1.5 1.7-3.6 4-3.7 2.2-.1 4 2.3 4.8 4.1 1.3 2.9-1.5 8.4.9 10.3 4.2 3.3 3-5.5 2.7-6.9-.6-3.9 1-7.2 5.5-5 4.1 2.1 4.3 7.7 4.1 11.6 0 .8-.6 9.5 2.5 5.2 1.2-1.7-.1-7.7.1-9.6.3-2.9 1.2-5.5 4.3-6.2 4.5-1 7.7 1.5 7.4 5.8-.2 3.5-1.8 7.7-.5 11.1 1 2.7 3.6 2.8 5 .2 1.6-3.1 0-8.3-.4-11.6-.4-4.2-.2-7 1.8-10.8 0 0-.1.1-.1.2-.2.4-.3.7-.4.8v.1c-.1.2-.1.2 0 0v-.1l.4-.8c0-.1.1-.1.1-.2.2-.4.5-.8.8-1.2V0H0zM282.7 3.4z\"\/>\n<\/svg>\t\t<\/div>\n\t\t\t\t<div class=\"elementor-element elementor-element-0ceb710 elementor-widget elementor-widget-spacer\" data-id=\"0ceb710\" data-element_type=\"widget\" data-e-type=\"widget\" data-widget_type=\"spacer.default\">\n\t\t\t\t\t\t\t<div class=\"elementor-spacer\">\n\t\t\t<div class=\"elementor-spacer-inner\"><\/div>\n\t\t<\/div>\n\t\t\t\t\t\t<\/div>\n\t\t\t\t\t<\/div>\n\t\t\t\t<\/div>\n\t\t<div class=\"elementor-element elementor-element-05d4bf1 e-flex e-con-boxed e-con e-parent\" data-id=\"05d4bf1\" data-element_type=\"container\" data-e-type=\"container\">\n\t\t\t\t\t<div class=\"e-con-inner\">\n\t\t\t\t<div class=\"elementor-element elementor-element-b013e1f elementor-view-framed elementor-position-inline-start elementor-shape-circle elementor-mobile-position-block-start elementor-widget elementor-widget-icon-box\" data-id=\"b013e1f\" data-element_type=\"widget\" data-e-type=\"widget\" data-widget_type=\"icon-box.default\">\n\t\t\t\t\t\t\t<div class=\"elementor-icon-box-wrapper\">\n\n\t\t\t\t\t\t<div class=\"elementor-icon-box-icon\">\n\t\t\t\t<span  class=\"elementor-icon\">\n\t\t\t\t<svg aria-hidden=\"true\" class=\"e-font-icon-svg e-fas-user-shield\" viewbox=\"0 0 640 512\" xmlns=\"http:\/\/www.w3.org\/2000\/svg\"><path d=\"M622.3 271.1l-115.2-45c-4.1-1.6-12.6-3.7-22.2 0l-115.2 45c-10.7 4.2-17.7 14-17.7 24.9 0 111.6 68.7 188.8 132.9 213.9 9.6 3.7 18 1.6 22.2 0C558.4 489.9 640 420.5 640 296c0-10.9-7-20.7-17.7-24.9zM496 462.4V273.3l95.5 37.3c-5.6 87.1-60.9 135.4-95.5 151.8zM224 256c70.7 0 128-57.3 128-128S294.7 0 224 0 96 57.3 96 128s57.3 128 128 128zm96 40c0-2.5.8-4.8 1.1-7.2-2.5-.1-4.9-.8-7.5-.8h-16.7c-22.2 10.2-46.9 16-72.9 16s-50.6-5.8-72.9-16h-16.7C60.2 288 0 348.2 0 422.4V464c0 26.5 21.5 48 48 48h352c6.8 0 13.3-1.5 19.2-4-54-42.9-99.2-116.7-99.2-212z\"><\/path><\/svg>\t\t\t\t<\/span>\n\t\t\t<\/div>\n\t\t\t\n\t\t\t\t\t\t<div class=\"elementor-icon-box-content\">\n\n\t\t\t\t\t\t\t\t\t<h3 class=\"elementor-icon-box-title\">\n\t\t\t\t\t\t<span  >\n\t\t\t\t\t\t\tPolitique de Confidentialit\u00e9\t\t\t\t\t\t<\/span>\n\t\t\t\t\t<\/h3>\n\t\t\t\t\n\t\t\t\t\t\t\t\t\t<p class=\"elementor-icon-box-description\">\n\t\t\t\t\t\tCette Politique de confidentialit\u00e9 d\u00e9crit les modalit\u00e9s de collecte, d\u2019utilisation, de conservation et de protection des donn\u00e9es personnelles des utilisateurs de la plateforme BolaStay, dans un souci de transparence, de s\u00e9curit\u00e9 et de respect de la vie priv\u00e9e.\t\t\t\t\t<\/p>\n\t\t\t\t\n\t\t\t<\/div>\n\t\t\t\n\t\t<\/div>\n\t\t\t\t\t\t<\/div>\n\t\t\t\t<div class=\"elementor-element elementor-element-4751984 elementor-widget elementor-widget-text-editor\" data-id=\"4751984\" data-element_type=\"widget\" data-e-type=\"widget\" data-widget_type=\"text-editor.default\">\n\t\t\t\t\t\t\t\t\t<h2 data-start=\"3802\" data-end=\"3827\">1. Donn\u00e9es collect\u00e9es<\/h2><p data-start=\"3829\" data-end=\"3848\">BolaStay collecte :<\/p><ul><li data-start=\"3851\" data-end=\"3864\">Nom et pr\u00e9nom<\/li><li data-start=\"3867\" data-end=\"3881\">Adresse e-mail<\/li><li data-start=\"3884\" data-end=\"3903\">Num\u00e9ro de t\u00e9l\u00e9phone<\/li><li data-start=\"3906\" data-end=\"3941\">Informations li\u00e9es aux r\u00e9servations<\/li><li data-start=\"3944\" data-end=\"3976\">Donn\u00e9es techniques (IP, cookies)<\/li><\/ul><hr data-start=\"3978\" data-end=\"3981\" \/><h2 data-start=\"3983\" data-end=\"4012\">2. Finalit\u00e9 du traitement<\/h2><p data-start=\"4014\" data-end=\"4047\">Les donn\u00e9es sont utilis\u00e9es pour :<\/p><ul><li data-start=\"4050\" data-end=\"4086\">la gestion des comptes utilisateurs,<\/li><li data-start=\"4089\" data-end=\"4117\">la gestion des r\u00e9servations,<\/li><li data-start=\"4120\" data-end=\"4148\">l\u2019am\u00e9lioration des services,<\/li><li data-start=\"4151\" data-end=\"4190\">la communication avec les utilisateurs.<\/li><\/ul><hr data-start=\"4192\" data-end=\"4195\" \/><h2 data-start=\"4197\" data-end=\"4223\">3. Partage des donn\u00e9es<\/h2><p data-start=\"4225\" data-end=\"4261\">Les donn\u00e9es peuvent \u00eatre partag\u00e9es :<\/p><ul><li data-start=\"4264\" data-end=\"4321\">entre h\u00f4tes et voyageurs dans le cadre d\u2019une r\u00e9servation,<\/li><li data-start=\"4324\" data-end=\"4389\">avec les prestataires techniques (h\u00e9bergeur, outils de paiement).<\/li><\/ul><p data-start=\"4391\" data-end=\"4435\">Les donn\u00e9es ne sont pas vendues \u00e0 des tiers.<\/p><hr data-start=\"4437\" data-end=\"4440\" \/><h2 data-start=\"4442\" data-end=\"4457\">4. S\u00e9curit\u00e9<\/h2><p data-start=\"4459\" data-end=\"4565\">BolaStay met en \u0153uvre des mesures techniques et organisationnelles pour prot\u00e9ger les donn\u00e9es personnelles.<\/p><hr data-start=\"4567\" data-end=\"4570\" \/><h2 data-start=\"4572\" data-end=\"4602\">5. Droits des utilisateurs<\/h2><p data-start=\"4604\" data-end=\"4633\">L\u2019utilisateur peut demander :<\/p><ul><li data-start=\"4636\" data-end=\"4658\">l\u2019acc\u00e8s \u00e0 ses donn\u00e9es,<\/li><li data-start=\"4661\" data-end=\"4677\">la modification,<\/li><li data-start=\"4680\" data-end=\"4709\">la suppression de son compte.<\/li><\/ul><hr data-start=\"4711\" data-end=\"4714\" \/><h2 data-start=\"4716\" data-end=\"4730\">6. Cookies<\/h2><p data-start=\"4732\" data-end=\"4828\">Le site peut utiliser des cookies pour am\u00e9liorer l\u2019exp\u00e9rience utilisateur et mesurer l\u2019audience.<\/p><h2 data-start=\"3734\" data-end=\"3766\">\u00a0<\/h2><h2 data-start=\"3734\" data-end=\"3766\">Connexion via services tiers:<\/h2><p data-start=\"3768\" data-end=\"3953\">L\u2019utilisateur peut se connecter via Google ou Facebook.<br data-start=\"3823\" data-end=\"3826\" \/>Dans ce cas, certaines informations peuvent \u00eatre transmises par ces services selon leurs propres politiques de confidentialit\u00e9.<\/p><p data-start=\"3955\" data-end=\"4039\">BolaStay ne conserve que les donn\u00e9es strictement n\u00e9cessaires \u00e0 la gestion du compte.<\/p><hr data-start=\"4041\" data-end=\"4044\" \/><h2 data-start=\"4046\" data-end=\"4093\">\u00a0<\/h2><h2 data-start=\"4046\" data-end=\"4093\">Clause force majeure:<\/h2><p data-start=\"4095\" data-end=\"4191\">Aucune des parties ne pourra \u00eatre tenue responsable en cas d\u2019\u00e9v\u00e9nements impr\u00e9visibles tels que :<\/p><ul><li data-start=\"4195\" data-end=\"4218\">Catastrophes naturelles<\/li><li data-start=\"4221\" data-end=\"4256\">Coupures g\u00e9n\u00e9ralis\u00e9es d\u2019\u00e9lectricit\u00e9<\/li><li data-start=\"4259\" data-end=\"4274\">Troubles civils<\/li><li data-start=\"4277\" data-end=\"4286\">Pand\u00e9mies<\/li><li data-start=\"4289\" data-end=\"4319\">Interventions gouvernementales<\/li><\/ul>\t\t\t\t\t\t\t\t<\/div>\n\t\t\t\t\t<\/div>\n\t\t\t\t<\/div>\n\t\t\t\t<\/div>","protected":false},"excerpt":{"rendered":"<p>Politique de Confidentialit\u00e9 Cette Politique de confidentialit\u00e9 d\u00e9crit les modalit\u00e9s de collecte, d\u2019utilisation, de conservation et de protection des donn\u00e9es personnelles des utilisateurs de la plateforme BolaStay, dans un souci de transparence, de s\u00e9curit\u00e9 et de respect de la vie priv\u00e9e. 1. Donn\u00e9es collect\u00e9es BolaStay collecte : Nom et pr\u00e9nom Adresse e-mail Num\u00e9ro de t\u00e9l\u00e9phone [&hellip;]<\/p>\n","protected":false},"author":1,"featured_media":0,"parent":0,"menu_order":0,"comment_status":"closed","ping_status":"closed","template":"elementor_header_footer","meta":{"_monsterinsights_skip_tracking":false,"_monsterinsights_sitenote_active":false,"_monsterinsights_sitenote_note":"","_monsterinsights_sitenote_category":0,"footnotes":""},"class_list":["post-5508","page","type-page","status-publish","hentry"],"aioseo_notices":[],"_hostinger_reach_plugin_has_subscription_block":false,"_hostinger_reach_plugin_is_elementor":false,"_links":{"self":[{"href":"https:\/\/bolastay.com\/en\/wp-json\/wp\/v2\/pages\/5508","targetHints":{"allow":["GET"]}}],"collection":[{"href":"https:\/\/bolastay.com\/en\/wp-json\/wp\/v2\/pages"}],"about":[{"href":"https:\/\/bolastay.com\/en\/wp-json\/wp\/v2\/types\/page"}],"author":[{"embeddable":true,"href":"https:\/\/bolastay.com\/en\/wp-json\/wp\/v2\/users\/1"}],"replies":[{"embeddable":true,"href":"https:\/\/bolastay.com\/en\/wp-json\/wp\/v2\/comments?post=5508"}],"version-history":[{"count":22,"href":"https:\/\/bolastay.com\/en\/wp-json\/wp\/v2\/pages\/5508\/revisions"}],"predecessor-version":[{"id":5664,"href":"https:\/\/bolastay.com\/en\/wp-json\/wp\/v2\/pages\/5508\/revisions\/5664"}],"wp:attachment":[{"href":"https:\/\/bolastay.com\/en\/wp-json\/wp\/v2\/media?parent=5508"}],"curies":[{"name":"wp","href":"https:\/\/api.w.org\/{rel}","templated":true}]}}