{"id":5504,"date":"2026-02-11T23:24:44","date_gmt":"2026-02-11T22:24:44","guid":{"rendered":"https:\/\/bolastay.com\/?page_id=5504"},"modified":"2026-03-07T02:34:13","modified_gmt":"2026-03-07T01:34:13","slug":"mentions-legales","status":"publish","type":"page","link":"https:\/\/bolastay.com\/en\/mentions-legales\/","title":{"rendered":"Mentions l\u00e9gales"},"content":{"rendered":"<div data-elementor-type=\"wp-page\" data-elementor-id=\"5504\" class=\"elementor elementor-5504\">\n\t\t\t\t<div class=\"elementor-element elementor-element-2ccd63e e-flex e-con-boxed e-con e-parent\" data-id=\"2ccd63e\" data-element_type=\"container\" data-e-type=\"container\" data-settings=\"{&quot;shape_divider_top&quot;:&quot;drops&quot;}\">\n\t\t\t\t\t<div class=\"e-con-inner\">\n\t\t\t\t<div class=\"elementor-shape elementor-shape-top\" aria-hidden=\"true\" data-negative=\"false\">\n\t\t\t<svg xmlns=\"http:\/\/www.w3.org\/2000\/svg\" height=\"100%\" viewbox=\"0 0 283.5 27.8\" preserveaspectratio=\"xMidYMax slice\">\n\t<path class=\"elementor-shape-fill\" d=\"M0 0v1.4c.6.7 1.1 1.4 1.4 2 2 3.8 2.2 6.6 1.8 10.8-.3 3.3-2.4 9.4 0 12.3 1.7 2 3.7 1.4 4.6-.9 1.4-3.8-.7-8.2-.6-12 .1-3.7 3.2-5.5 6.9-4.9 4 .6 4.8 4 4.9 7.4.1 1.8-1.1 7 0 8.5.6.8 1.6 1.2 2.4.5 1.4-1.1.1-5.4.1-6.9.1-3.7.3-8.6 4.1-10.5 5-2.5 6.2 1.6 5.4 5.6-.4 1.7-1 9.2 2.9 6.3 1.5-1.1.7-3.5.5-4.9-.4-2.4-.4-4.3 1-6.5.9-1.4 2.4-3.1 4.2-3 2.4.1 2.7 2.2 4 3.7 1.5 1.8 1.8 2.2 3 .1 1.1-1.9 1.2-2.8 3.6-3.3 1.3-.3 4.8-1.4 5.9-.5 1.5 1.1.6 2.8.4 4.3-.2 1.1-.6 4 1.8 3.4 1.7-.4-.3-4.1.6-5.6 1.3-2.2 5.8-1.4 7 .5 1.3 2.1.5 5.8.1 8.1s-1.2 5-.6 7.4c1.3 5.1 4.4.9 4.3-2.4-.1-4.4-2-8.8-.5-13 .9-2.4 4.6-6.6 7.7-4.5 2.7 1.8.5 7.8.2 10.3-.2 1.7-.8 4.6.2 6.2.9 1.4 2 1.5 2.6-.3.5-1.5-.9-4.5-1-6.1-.2-1.7-.4-3.7.2-5.4 1.8-5.6 3.5 2.4 6.3.6 1.4-.9 4.3-9.4 6.1-3.1.6 2.2-1.3 7.8.7 8.9 4.2 2.3 1.5-7.1 2.2-8 3.1-4 4.7 3.8 6.1 4.1 3.1.7 2.8-7.9 8.1-4.5 1.7 1.1 2.9 3.3 3.2 5.2.4 2.2-1 4.5-.6 6.6 1 4.3 4.4 1.5 4.4-1.7 0-2.7-3-8.3 1.4-9.1 4.4-.9 7.3 3.5 7.8 6.9.3 2-1.5 10.9 1.3 11.3 4.1.6-3.2-15.7 4.8-15.8 4.7-.1 2.8 4.1 3.9 6.6 1 2.4 2.1 1 2.3-.8.3-1.9-.9-3.2 1.3-4.3 5.9-2.9 5.9 5.4 5.5 8.5-.3 2-1.7 8.4 2 8.1 6.9-.5-2.8-16.9 4.8-18.7 4.7-1.2 6.1 3.6 6.3 7.1.1 1.7-1.2 8.1.6 9.1 3.5 2 1.9-7 2-8.4.2-4 1.2-9.6 6.4-9.8 4.7-.2 3.2 4.6 2.7 7.5-.4 2.2 1.3 8.6 3.8 4.4 1.1-1.9-.3-4.1-.3-6 0-1.7.4-3.2 1.3-4.6 1-1.6 2.9-3.5 5.1-2.9 2.5.6 2.3 4.1 4.1 4.9 1.9.8 1.6-.9 2.3-2.1 1.2-2.1 2.1-2.1 4.4-2.4 1.4-.2 3.6-1.5 4.9-.5 2.3 1.7-.7 4.4.1 6.5.6 1.5 2.1 1.7 2.8.3.7-1.4-1.1-3.4-.3-4.8 1.4-2.5 6.2-1.2 7.2 1 2.3 4.8-3.3 12-.2 16.3 3 4.1 3.9-2.8 3.8-4.8-.4-4.3-2.1-8.9 0-13.1 1.3-2.5 5.9-5.7 7.9-2.4 2 3.2-1.3 9.8-.8 13.4.5 4.4 3.5 3.3 2.7-.8-.4-1.9-2.4-10 .6-11.1 3.7-1.4 2.8 7.2 6.5.4 2.2-4.1 4.9-3.1 5.2 1.2.1 1.5-.6 3.1-.4 4.6.2 1.9 1.8 3.7 3.3 1.3 1-1.6-2.6-10.4 2.9-7.3 2.6 1.5 1.6 6.5 4.8 2.7 1.3-1.5 1.7-3.6 4-3.7 2.2-.1 4 2.3 4.8 4.1 1.3 2.9-1.5 8.4.9 10.3 4.2 3.3 3-5.5 2.7-6.9-.6-3.9 1-7.2 5.5-5 4.1 2.1 4.3 7.7 4.1 11.6 0 .8-.6 9.5 2.5 5.2 1.2-1.7-.1-7.7.1-9.6.3-2.9 1.2-5.5 4.3-6.2 4.5-1 7.7 1.5 7.4 5.8-.2 3.5-1.8 7.7-.5 11.1 1 2.7 3.6 2.8 5 .2 1.6-3.1 0-8.3-.4-11.6-.4-4.2-.2-7 1.8-10.8 0 0-.1.1-.1.2-.2.4-.3.7-.4.8v.1c-.1.2-.1.2 0 0v-.1l.4-.8c0-.1.1-.1.1-.2.2-.4.5-.8.8-1.2V0H0zM282.7 3.4z\"\/>\n<\/svg>\t\t<\/div>\n\t\t\t\t<div class=\"elementor-element elementor-element-3d453b7 elementor-widget elementor-widget-spacer\" data-id=\"3d453b7\" data-element_type=\"widget\" data-e-type=\"widget\" data-widget_type=\"spacer.default\">\n\t\t\t\t\t\t\t<div class=\"elementor-spacer\">\n\t\t\t<div class=\"elementor-spacer-inner\"><\/div>\n\t\t<\/div>\n\t\t\t\t\t\t<\/div>\n\t\t\t\t\t<\/div>\n\t\t\t\t<\/div>\n\t\t<div class=\"elementor-element elementor-element-75833d0 e-flex e-con-boxed e-con e-parent\" data-id=\"75833d0\" data-element_type=\"container\" data-e-type=\"container\">\n\t\t\t\t\t<div class=\"e-con-inner\">\n\t\t\t\t<div class=\"elementor-element elementor-element-81ff146 elementor-position-inline-start elementor-view-framed elementor-shape-circle elementor-mobile-position-block-start elementor-widget elementor-widget-icon-box\" data-id=\"81ff146\" data-element_type=\"widget\" data-e-type=\"widget\" data-widget_type=\"icon-box.default\">\n\t\t\t\t\t\t\t<div class=\"elementor-icon-box-wrapper\">\n\n\t\t\t\t\t\t<div class=\"elementor-icon-box-icon\">\n\t\t\t\t<span  class=\"elementor-icon\">\n\t\t\t\t<svg aria-hidden=\"true\" class=\"e-font-icon-svg e-fas-balance-scale\" viewbox=\"0 0 640 512\" xmlns=\"http:\/\/www.w3.org\/2000\/svg\"><path d=\"M256 336h-.02c0-16.18 1.34-8.73-85.05-181.51-17.65-35.29-68.19-35.36-85.87 0C-2.06 328.75.02 320.33.02 336H0c0 44.18 57.31 80 128 80s128-35.82 128-80zM128 176l72 144H56l72-144zm511.98 160c0-16.18 1.34-8.73-85.05-181.51-17.65-35.29-68.19-35.36-85.87 0-87.12 174.26-85.04 165.84-85.04 181.51H384c0 44.18 57.31 80 128 80s128-35.82 128-80h-.02zM440 320l72-144 72 144H440zm88 128H352V153.25c23.51-10.29 41.16-31.48 46.39-57.25H528c8.84 0 16-7.16 16-16V48c0-8.84-7.16-16-16-16H383.64C369.04 12.68 346.09 0 320 0s-49.04 12.68-63.64 32H112c-8.84 0-16 7.16-16 16v32c0 8.84 7.16 16 16 16h129.61c5.23 25.76 22.87 46.96 46.39 57.25V448H112c-8.84 0-16 7.16-16 16v32c0 8.84 7.16 16 16 16h416c8.84 0 16-7.16 16-16v-32c0-8.84-7.16-16-16-16z\"><\/path><\/svg>\t\t\t\t<\/span>\n\t\t\t<\/div>\n\t\t\t\n\t\t\t\t\t\t<div class=\"elementor-icon-box-content\">\n\n\t\t\t\t\t\t\t\t\t<h3 class=\"elementor-icon-box-title\">\n\t\t\t\t\t\t<span  >\n\t\t\t\t\t\t\tMentions l\u00e9gales\u00a0\t\t\t\t\t\t<\/span>\n\t\t\t\t\t<\/h3>\n\t\t\t\t\n\t\t\t\t\t\t\t\t\t<p class=\"elementor-icon-box-description\">\n\t\t\t\t\t\tLes pr\u00e9sentes mentions l\u00e9gales ont pour objet d\u2019informer les utilisateurs sur l\u2019identit\u00e9 de l\u2019\u00e9diteur, les modalit\u00e9s d\u2019h\u00e9bergement du site et le cadre juridique r\u00e9gissant l\u2019exploitation de la plateforme BolaStay.\t\t\t\t\t<\/p>\n\t\t\t\t\n\t\t\t<\/div>\n\t\t\t\n\t\t<\/div>\n\t\t\t\t\t\t<\/div>\n\t\t\t\t<div class=\"elementor-element elementor-element-73559d6 elementor-widget elementor-widget-text-editor\" data-id=\"73559d6\" data-element_type=\"widget\" data-e-type=\"widget\" data-widget_type=\"text-editor.default\">\n\t\t\t\t\t\t\t\t\t<h1 style=\"text-align: center;\" data-start=\"430\" data-end=\"460\">\u00a0<\/h1><h2 data-start=\"462\" data-end=\"484\">1. \u00c9diteur du site<\/h2><p data-start=\"486\" data-end=\"570\">Le pr\u00e9sent site internet accessible \u00e0 l\u2019adresse <strong data-start=\"534\" data-end=\"554\"><a class=\"decorated-link\" href=\"https:\/\/bolastay.com\/en\/\" target=\"_new\" rel=\"noopener\" data-start=\"536\" data-end=\"552\">www.bolastay.com<\/a><\/strong> est \u00e9dit\u00e9 par :<\/p><p data-start=\"572\" data-end=\"715\"><strong data-start=\"572\" data-end=\"584\">BolaStay<\/strong><br data-start=\"584\" data-end=\"587\" \/>Plateforme de r\u00e9servation de logements<br data-start=\"625\" data-end=\"628\" \/>Pays d\u2019exploitation : <strong data-start=\"650\" data-end=\"673\">R\u00e9publique du B\u00e9nin<\/strong><br data-start=\"673\" data-end=\"676\" \/>Adresse e-mail : <a class=\"decorated-link cursor-pointer\" rel=\"noopener\" data-start=\"693\" data-end=\"713\">contact@bolastay.com<\/a><\/p><p data-start=\"717\" data-end=\"788\">Le responsable de la publication est le repr\u00e9sentant l\u00e9gal de BolaStay.<\/p><hr data-start=\"790\" data-end=\"793\" \/><h2 data-start=\"795\" data-end=\"813\">2. H\u00e9bergement<\/h2><p data-start=\"815\" data-end=\"840\">Le site est h\u00e9berg\u00e9 par :<\/p><p data-start=\"842\" data-end=\"1001\"><strong data-start=\"842\" data-end=\"874\">Hostinger International Ltd.<\/strong><br data-start=\"874\" data-end=\"877\" \/>Site : <a class=\"decorated-link\" href=\"https:\/\/www.hostinger.com\" target=\"_new\" rel=\"noopener\" data-start=\"884\" data-end=\"909\">https:\/\/www.hostinger.com<\/a><br data-start=\"909\" data-end=\"912\" \/>L\u2019h\u00e9bergement technique est assur\u00e9 conform\u00e9ment aux standards internationaux de s\u00e9curit\u00e9.<\/p><hr data-start=\"1003\" data-end=\"1006\" \/><h2 data-start=\"1008\" data-end=\"1039\">3. Propri\u00e9t\u00e9 intellectuelle<\/h2><p data-start=\"1041\" data-end=\"1243\">L\u2019ensemble du contenu pr\u00e9sent sur le site (textes, logos, illustrations, images, graphismes, ic\u00f4nes, vid\u00e9os, structure, base de donn\u00e9es) est prot\u00e9g\u00e9 par les lois relatives \u00e0 la propri\u00e9t\u00e9 intellectuelle.<\/p><p data-start=\"1245\" data-end=\"1381\">Toute reproduction, modification, distribution ou exploitation sans autorisation \u00e9crite pr\u00e9alable de BolaStay est strictement interdite.<\/p><hr data-start=\"1383\" data-end=\"1386\" \/><h2 data-start=\"1388\" data-end=\"1409\">4. Responsabilit\u00e9<\/h2><p data-start=\"1411\" data-end=\"1549\">BolaStay agit en qualit\u00e9 de plateforme interm\u00e9diaire mettant en relation des h\u00f4tes (propri\u00e9taires ou agents immobiliers) et des voyageurs.<\/p><p data-start=\"1551\" data-end=\"1592\">BolaStay ne peut \u00eatre tenue responsable :<\/p><ul><li><strong>des informations fournies par les h\u00f4tes,<\/strong><\/li><li><strong>de la qualit\u00e9 effective des logements,<\/strong><\/li><li><strong>des litiges directs entre h\u00f4tes et voyageurs.<\/strong><\/li><\/ul>\t\t\t\t\t\t\t\t<\/div>\n\t\t\t\t\t<\/div>\n\t\t\t\t<\/div>\n\t\t\t\t<\/div>","protected":false},"excerpt":{"rendered":"<p>Mentions l\u00e9gales\u00a0 Les pr\u00e9sentes mentions l\u00e9gales ont pour objet d\u2019informer les utilisateurs sur l\u2019identit\u00e9 de l\u2019\u00e9diteur, les modalit\u00e9s d\u2019h\u00e9bergement du site et le cadre juridique r\u00e9gissant l\u2019exploitation de la plateforme BolaStay. \u00a0 1. \u00c9diteur du site Le pr\u00e9sent site internet accessible \u00e0 l\u2019adresse www.bolastay.com est \u00e9dit\u00e9 par : BolaStayPlateforme de r\u00e9servation de logementsPays d\u2019exploitation : [&hellip;]<\/p>\n","protected":false},"author":1,"featured_media":0,"parent":0,"menu_order":0,"comment_status":"closed","ping_status":"closed","template":"elementor_header_footer","meta":{"_monsterinsights_skip_tracking":false,"_monsterinsights_sitenote_active":false,"_monsterinsights_sitenote_note":"","_monsterinsights_sitenote_category":0,"footnotes":""},"class_list":["post-5504","page","type-page","status-publish","hentry"],"aioseo_notices":[],"_hostinger_reach_plugin_has_subscription_block":false,"_hostinger_reach_plugin_is_elementor":false,"_links":{"self":[{"href":"https:\/\/bolastay.com\/en\/wp-json\/wp\/v2\/pages\/5504","targetHints":{"allow":["GET"]}}],"collection":[{"href":"https:\/\/bolastay.com\/en\/wp-json\/wp\/v2\/pages"}],"about":[{"href":"https:\/\/bolastay.com\/en\/wp-json\/wp\/v2\/types\/page"}],"author":[{"embeddable":true,"href":"https:\/\/bolastay.com\/en\/wp-json\/wp\/v2\/users\/1"}],"replies":[{"embeddable":true,"href":"https:\/\/bolastay.com\/en\/wp-json\/wp\/v2\/comments?post=5504"}],"version-history":[{"count":31,"href":"https:\/\/bolastay.com\/en\/wp-json\/wp\/v2\/pages\/5504\/revisions"}],"predecessor-version":[{"id":8096,"href":"https:\/\/bolastay.com\/en\/wp-json\/wp\/v2\/pages\/5504\/revisions\/8096"}],"wp:attachment":[{"href":"https:\/\/bolastay.com\/en\/wp-json\/wp\/v2\/media?parent=5504"}],"curies":[{"name":"wp","href":"https:\/\/api.w.org\/{rel}","templated":true}]}}