{"id":4667,"date":"2026-01-29T23:49:54","date_gmt":"2026-01-29T22:49:54","guid":{"rendered":"https:\/\/bolastay.com\/?page_id=4667"},"modified":"2026-03-07T12:45:21","modified_gmt":"2026-03-07T11:45:21","slug":"type-apartment","status":"publish","type":"page","link":"https:\/\/bolastay.com\/en\/type-apartment\/","title":{"rendered":"Appartements"},"content":{"rendered":"<div data-elementor-type=\"wp-page\" data-elementor-id=\"4667\" class=\"elementor elementor-4667\">\n\t\t\t\t<div class=\"elementor-element elementor-element-776fe5a e-con-full e-flex e-con e-parent\" data-id=\"776fe5a\" data-element_type=\"container\" data-e-type=\"container\" data-settings=\"{&quot;shape_divider_top&quot;:&quot;drops&quot;}\">\n\t\t\t\t<div class=\"elementor-shape elementor-shape-top\" aria-hidden=\"true\" data-negative=\"false\">\n\t\t\t<svg xmlns=\"http:\/\/www.w3.org\/2000\/svg\" height=\"100%\" viewbox=\"0 0 283.5 27.8\" preserveaspectratio=\"xMidYMax slice\">\n\t<path class=\"elementor-shape-fill\" d=\"M0 0v1.4c.6.7 1.1 1.4 1.4 2 2 3.8 2.2 6.6 1.8 10.8-.3 3.3-2.4 9.4 0 12.3 1.7 2 3.7 1.4 4.6-.9 1.4-3.8-.7-8.2-.6-12 .1-3.7 3.2-5.5 6.9-4.9 4 .6 4.8 4 4.9 7.4.1 1.8-1.1 7 0 8.5.6.8 1.6 1.2 2.4.5 1.4-1.1.1-5.4.1-6.9.1-3.7.3-8.6 4.1-10.5 5-2.5 6.2 1.6 5.4 5.6-.4 1.7-1 9.2 2.9 6.3 1.5-1.1.7-3.5.5-4.9-.4-2.4-.4-4.3 1-6.5.9-1.4 2.4-3.1 4.2-3 2.4.1 2.7 2.2 4 3.7 1.5 1.8 1.8 2.2 3 .1 1.1-1.9 1.2-2.8 3.6-3.3 1.3-.3 4.8-1.4 5.9-.5 1.5 1.1.6 2.8.4 4.3-.2 1.1-.6 4 1.8 3.4 1.7-.4-.3-4.1.6-5.6 1.3-2.2 5.8-1.4 7 .5 1.3 2.1.5 5.8.1 8.1s-1.2 5-.6 7.4c1.3 5.1 4.4.9 4.3-2.4-.1-4.4-2-8.8-.5-13 .9-2.4 4.6-6.6 7.7-4.5 2.7 1.8.5 7.8.2 10.3-.2 1.7-.8 4.6.2 6.2.9 1.4 2 1.5 2.6-.3.5-1.5-.9-4.5-1-6.1-.2-1.7-.4-3.7.2-5.4 1.8-5.6 3.5 2.4 6.3.6 1.4-.9 4.3-9.4 6.1-3.1.6 2.2-1.3 7.8.7 8.9 4.2 2.3 1.5-7.1 2.2-8 3.1-4 4.7 3.8 6.1 4.1 3.1.7 2.8-7.9 8.1-4.5 1.7 1.1 2.9 3.3 3.2 5.2.4 2.2-1 4.5-.6 6.6 1 4.3 4.4 1.5 4.4-1.7 0-2.7-3-8.3 1.4-9.1 4.4-.9 7.3 3.5 7.8 6.9.3 2-1.5 10.9 1.3 11.3 4.1.6-3.2-15.7 4.8-15.8 4.7-.1 2.8 4.1 3.9 6.6 1 2.4 2.1 1 2.3-.8.3-1.9-.9-3.2 1.3-4.3 5.9-2.9 5.9 5.4 5.5 8.5-.3 2-1.7 8.4 2 8.1 6.9-.5-2.8-16.9 4.8-18.7 4.7-1.2 6.1 3.6 6.3 7.1.1 1.7-1.2 8.1.6 9.1 3.5 2 1.9-7 2-8.4.2-4 1.2-9.6 6.4-9.8 4.7-.2 3.2 4.6 2.7 7.5-.4 2.2 1.3 8.6 3.8 4.4 1.1-1.9-.3-4.1-.3-6 0-1.7.4-3.2 1.3-4.6 1-1.6 2.9-3.5 5.1-2.9 2.5.6 2.3 4.1 4.1 4.9 1.9.8 1.6-.9 2.3-2.1 1.2-2.1 2.1-2.1 4.4-2.4 1.4-.2 3.6-1.5 4.9-.5 2.3 1.7-.7 4.4.1 6.5.6 1.5 2.1 1.7 2.8.3.7-1.4-1.1-3.4-.3-4.8 1.4-2.5 6.2-1.2 7.2 1 2.3 4.8-3.3 12-.2 16.3 3 4.1 3.9-2.8 3.8-4.8-.4-4.3-2.1-8.9 0-13.1 1.3-2.5 5.9-5.7 7.9-2.4 2 3.2-1.3 9.8-.8 13.4.5 4.4 3.5 3.3 2.7-.8-.4-1.9-2.4-10 .6-11.1 3.7-1.4 2.8 7.2 6.5.4 2.2-4.1 4.9-3.1 5.2 1.2.1 1.5-.6 3.1-.4 4.6.2 1.9 1.8 3.7 3.3 1.3 1-1.6-2.6-10.4 2.9-7.3 2.6 1.5 1.6 6.5 4.8 2.7 1.3-1.5 1.7-3.6 4-3.7 2.2-.1 4 2.3 4.8 4.1 1.3 2.9-1.5 8.4.9 10.3 4.2 3.3 3-5.5 2.7-6.9-.6-3.9 1-7.2 5.5-5 4.1 2.1 4.3 7.7 4.1 11.6 0 .8-.6 9.5 2.5 5.2 1.2-1.7-.1-7.7.1-9.6.3-2.9 1.2-5.5 4.3-6.2 4.5-1 7.7 1.5 7.4 5.8-.2 3.5-1.8 7.7-.5 11.1 1 2.7 3.6 2.8 5 .2 1.6-3.1 0-8.3-.4-11.6-.4-4.2-.2-7 1.8-10.8 0 0-.1.1-.1.2-.2.4-.3.7-.4.8v.1c-.1.2-.1.2 0 0v-.1l.4-.8c0-.1.1-.1.1-.2.2-.4.5-.8.8-1.2V0H0zM282.7 3.4z\"\/>\n<\/svg>\t\t<\/div>\n\t\t\t\t<div class=\"elementor-element elementor-element-75baf87 elementor-widget elementor-widget-heading\" data-id=\"75baf87\" data-element_type=\"widget\" data-e-type=\"widget\" data-widget_type=\"heading.default\">\n\t\t\t\t\t<h2 class=\"elementor-heading-title elementor-size-default\"><section class=\"bs-types\">\n\n<div class=\"bs-types__header\">\n<span class=\"bs-chip\">Choisir un type<\/span>\n<h2 class=\"bs-title\">Quel logement cherchez-vous ?<\/h2>\n<p class=\"bs-subtitle\">S\u00e9lectionnez une cat\u00e9gorie pour voir les logements disponibles.<\/p>\n<\/div>\n\n<div class=\"bs-grid\">\n\n<a class=\"bs-card\" href=\"https:\/\/bolastay.com\/en\/type\/appartement\/\">\n<div class=\"bs-icon\">\n<i class=\"fas fa-building\"><\/i>\n<\/div>\n<div class=\"bs-card__content\">\n<div class=\"bs-card__title\">Appartement<\/div>\n<div class=\"bs-card__desc\">Confort premium en ville, id\u00e9al pour s\u00e9jour court ou long.<\/div>\n<\/div>\n<div class=\"bs-card__arrow\">\u2192<\/div>\n<\/a>\n\n\n<a class=\"bs-card\" href=\"https:\/\/bolastay.com\/en\/type\/maison\/\">\n<div class=\"bs-icon\">\n<i class=\"fas fa-home\"><\/i>\n<\/div>\n<div class=\"bs-card__content\">\n<div class=\"bs-card__title\">Maison<\/div>\n<div class=\"bs-card__desc\">Plus d\u2019espace, parfait pour familles et groupes.<\/div>\n<\/div>\n<div class=\"bs-card__arrow\">\u2192<\/div>\n<\/a>\n\n\n<a class=\"bs-card\" href=\"https:\/\/bolastay.com\/en\/type\/studio\/\">\n<div class=\"bs-icon\">\n<i class=\"fas fa-bed\"><\/i>\n<\/div>\n<div class=\"bs-card__content\">\n<div class=\"bs-card__title\">Studio<\/div>\n<div class=\"bs-card__desc\">Simple, moderne, efficace \u2014 excellent rapport qualit\u00e9\/prix.<\/div>\n<\/div>\n<div class=\"bs-card__arrow\">\u2192<\/div>\n<\/a>\n\n\n<a class=\"bs-card\" href=\"https:\/\/bolastay.com\/en\/type\/villas\/\">\n<div class=\"bs-icon\">\n<i class=\"fas fa-hotel\"><\/i>\n<\/div>\n<div class=\"bs-card__content\">\n<div class=\"bs-card__title\">Villas<\/div>\n<div class=\"bs-card__desc\">Exp\u00e9rience haut de gamme, intimit\u00e9 et prestations premium.<\/div>\n<\/div>\n<div class=\"bs-card__arrow\">\u2192<\/div>\n<\/a>\n\n<\/div>\n\n<\/section><\/h2>\t\t\t\t<\/div>\n\t\t\t\t<\/div>\n\t\t\t\t<\/div>","protected":false},"excerpt":{"rendered":"<p>Choisir un type Quel logement cherchez-vous ? S\u00e9lectionnez une cat\u00e9gorie pour voir les logements disponibles. Appartement Confort premium en ville, id\u00e9al pour s\u00e9jour court ou long. \u2192 Maison Plus d\u2019espace, parfait pour familles et groupes. \u2192 Studio Simple, moderne, efficace \u2014 excellent rapport qualit\u00e9\/prix. \u2192 Villas Exp\u00e9rience haut de gamme, intimit\u00e9 et prestations premium. \u2192<\/p>","protected":false},"author":1,"featured_media":0,"parent":0,"menu_order":0,"comment_status":"closed","ping_status":"closed","template":"elementor_header_footer","meta":{"_monsterinsights_skip_tracking":false,"_monsterinsights_sitenote_active":false,"_monsterinsights_sitenote_note":"","_monsterinsights_sitenote_category":0,"footnotes":""},"class_list":["post-4667","page","type-page","status-publish","hentry"],"aioseo_notices":[],"_hostinger_reach_plugin_has_subscription_block":false,"_hostinger_reach_plugin_is_elementor":false,"_links":{"self":[{"href":"https:\/\/bolastay.com\/en\/wp-json\/wp\/v2\/pages\/4667","targetHints":{"allow":["GET"]}}],"collection":[{"href":"https:\/\/bolastay.com\/en\/wp-json\/wp\/v2\/pages"}],"about":[{"href":"https:\/\/bolastay.com\/en\/wp-json\/wp\/v2\/types\/page"}],"author":[{"embeddable":true,"href":"https:\/\/bolastay.com\/en\/wp-json\/wp\/v2\/users\/1"}],"replies":[{"embeddable":true,"href":"https:\/\/bolastay.com\/en\/wp-json\/wp\/v2\/comments?post=4667"}],"version-history":[{"count":130,"href":"https:\/\/bolastay.com\/en\/wp-json\/wp\/v2\/pages\/4667\/revisions"}],"predecessor-version":[{"id":8136,"href":"https:\/\/bolastay.com\/en\/wp-json\/wp\/v2\/pages\/4667\/revisions\/8136"}],"wp:attachment":[{"href":"https:\/\/bolastay.com\/en\/wp-json\/wp\/v2\/media?parent=4667"}],"curies":[{"name":"wp","href":"https:\/\/api.w.org\/{rel}","templated":true}]}}