{"id":4053,"date":"2020-10-14T21:01:40","date_gmt":"2020-10-14T21:01:40","guid":{"rendered":"https:\/\/demo01.gethomey.io\/?page_id=4053"},"modified":"2026-03-10T17:57:53","modified_gmt":"2026-03-10T16:57:53","slug":"contact-us-2","status":"publish","type":"page","link":"https:\/\/bolastay.com\/en\/contact-us-2\/","title":{"rendered":"Contactez-nous"},"content":{"rendered":"<div data-elementor-type=\"wp-page\" data-elementor-id=\"4053\" class=\"elementor elementor-4053\">\n\t\t\t\t<div class=\"elementor-element elementor-element-96de5c7 e-flex e-con-boxed e-con e-parent\" data-id=\"96de5c7\" data-element_type=\"container\" data-e-type=\"container\" data-settings=\"{&quot;shape_divider_top&quot;:&quot;drops&quot;}\">\n\t\t\t\t\t<div class=\"e-con-inner\">\n\t\t\t\t<div class=\"elementor-shape elementor-shape-top\" aria-hidden=\"true\" data-negative=\"false\">\n\t\t\t<svg xmlns=\"http:\/\/www.w3.org\/2000\/svg\" height=\"100%\" viewbox=\"0 0 283.5 27.8\" preserveaspectratio=\"xMidYMax slice\">\n\t<path class=\"elementor-shape-fill\" d=\"M0 0v1.4c.6.7 1.1 1.4 1.4 2 2 3.8 2.2 6.6 1.8 10.8-.3 3.3-2.4 9.4 0 12.3 1.7 2 3.7 1.4 4.6-.9 1.4-3.8-.7-8.2-.6-12 .1-3.7 3.2-5.5 6.9-4.9 4 .6 4.8 4 4.9 7.4.1 1.8-1.1 7 0 8.5.6.8 1.6 1.2 2.4.5 1.4-1.1.1-5.4.1-6.9.1-3.7.3-8.6 4.1-10.5 5-2.5 6.2 1.6 5.4 5.6-.4 1.7-1 9.2 2.9 6.3 1.5-1.1.7-3.5.5-4.9-.4-2.4-.4-4.3 1-6.5.9-1.4 2.4-3.1 4.2-3 2.4.1 2.7 2.2 4 3.7 1.5 1.8 1.8 2.2 3 .1 1.1-1.9 1.2-2.8 3.6-3.3 1.3-.3 4.8-1.4 5.9-.5 1.5 1.1.6 2.8.4 4.3-.2 1.1-.6 4 1.8 3.4 1.7-.4-.3-4.1.6-5.6 1.3-2.2 5.8-1.4 7 .5 1.3 2.1.5 5.8.1 8.1s-1.2 5-.6 7.4c1.3 5.1 4.4.9 4.3-2.4-.1-4.4-2-8.8-.5-13 .9-2.4 4.6-6.6 7.7-4.5 2.7 1.8.5 7.8.2 10.3-.2 1.7-.8 4.6.2 6.2.9 1.4 2 1.5 2.6-.3.5-1.5-.9-4.5-1-6.1-.2-1.7-.4-3.7.2-5.4 1.8-5.6 3.5 2.4 6.3.6 1.4-.9 4.3-9.4 6.1-3.1.6 2.2-1.3 7.8.7 8.9 4.2 2.3 1.5-7.1 2.2-8 3.1-4 4.7 3.8 6.1 4.1 3.1.7 2.8-7.9 8.1-4.5 1.7 1.1 2.9 3.3 3.2 5.2.4 2.2-1 4.5-.6 6.6 1 4.3 4.4 1.5 4.4-1.7 0-2.7-3-8.3 1.4-9.1 4.4-.9 7.3 3.5 7.8 6.9.3 2-1.5 10.9 1.3 11.3 4.1.6-3.2-15.7 4.8-15.8 4.7-.1 2.8 4.1 3.9 6.6 1 2.4 2.1 1 2.3-.8.3-1.9-.9-3.2 1.3-4.3 5.9-2.9 5.9 5.4 5.5 8.5-.3 2-1.7 8.4 2 8.1 6.9-.5-2.8-16.9 4.8-18.7 4.7-1.2 6.1 3.6 6.3 7.1.1 1.7-1.2 8.1.6 9.1 3.5 2 1.9-7 2-8.4.2-4 1.2-9.6 6.4-9.8 4.7-.2 3.2 4.6 2.7 7.5-.4 2.2 1.3 8.6 3.8 4.4 1.1-1.9-.3-4.1-.3-6 0-1.7.4-3.2 1.3-4.6 1-1.6 2.9-3.5 5.1-2.9 2.5.6 2.3 4.1 4.1 4.9 1.9.8 1.6-.9 2.3-2.1 1.2-2.1 2.1-2.1 4.4-2.4 1.4-.2 3.6-1.5 4.9-.5 2.3 1.7-.7 4.4.1 6.5.6 1.5 2.1 1.7 2.8.3.7-1.4-1.1-3.4-.3-4.8 1.4-2.5 6.2-1.2 7.2 1 2.3 4.8-3.3 12-.2 16.3 3 4.1 3.9-2.8 3.8-4.8-.4-4.3-2.1-8.9 0-13.1 1.3-2.5 5.9-5.7 7.9-2.4 2 3.2-1.3 9.8-.8 13.4.5 4.4 3.5 3.3 2.7-.8-.4-1.9-2.4-10 .6-11.1 3.7-1.4 2.8 7.2 6.5.4 2.2-4.1 4.9-3.1 5.2 1.2.1 1.5-.6 3.1-.4 4.6.2 1.9 1.8 3.7 3.3 1.3 1-1.6-2.6-10.4 2.9-7.3 2.6 1.5 1.6 6.5 4.8 2.7 1.3-1.5 1.7-3.6 4-3.7 2.2-.1 4 2.3 4.8 4.1 1.3 2.9-1.5 8.4.9 10.3 4.2 3.3 3-5.5 2.7-6.9-.6-3.9 1-7.2 5.5-5 4.1 2.1 4.3 7.7 4.1 11.6 0 .8-.6 9.5 2.5 5.2 1.2-1.7-.1-7.7.1-9.6.3-2.9 1.2-5.5 4.3-6.2 4.5-1 7.7 1.5 7.4 5.8-.2 3.5-1.8 7.7-.5 11.1 1 2.7 3.6 2.8 5 .2 1.6-3.1 0-8.3-.4-11.6-.4-4.2-.2-7 1.8-10.8 0 0-.1.1-.1.2-.2.4-.3.7-.4.8v.1c-.1.2-.1.2 0 0v-.1l.4-.8c0-.1.1-.1.1-.2.2-.4.5-.8.8-1.2V0H0zM282.7 3.4z\"\/>\n<\/svg>\t\t<\/div>\n\t\t\t\t<div class=\"elementor-element elementor-element-560eb2e elementor-widget elementor-widget-spacer\" data-id=\"560eb2e\" data-element_type=\"widget\" data-e-type=\"widget\" data-widget_type=\"spacer.default\">\n\t\t\t\t\t\t\t<div class=\"elementor-spacer\">\n\t\t\t<div class=\"elementor-spacer-inner\"><\/div>\n\t\t<\/div>\n\t\t\t\t\t\t<\/div>\n\t\t\t\t<div class=\"elementor-element elementor-element-f59b4d9 elementor-view-framed elementor-position-inline-start elementor-shape-circle elementor-mobile-position-block-start elementor-widget elementor-widget-icon-box\" data-id=\"f59b4d9\" data-element_type=\"widget\" data-e-type=\"widget\" data-widget_type=\"icon-box.default\">\n\t\t\t\t\t\t\t<div class=\"elementor-icon-box-wrapper\">\n\n\t\t\t\t\t\t<div class=\"elementor-icon-box-icon\">\n\t\t\t\t<span  class=\"elementor-icon\">\n\t\t\t\t<svg aria-hidden=\"true\" class=\"e-font-icon-svg e-fas-phone-volume\" viewbox=\"0 0 384 512\" xmlns=\"http:\/\/www.w3.org\/2000\/svg\"><path d=\"M97.333 506.966c-129.874-129.874-129.681-340.252 0-469.933 5.698-5.698 14.527-6.632 21.263-2.422l64.817 40.513a17.187 17.187 0 0 1 6.849 20.958l-32.408 81.021a17.188 17.188 0 0 1-17.669 10.719l-55.81-5.58c-21.051 58.261-20.612 122.471 0 179.515l55.811-5.581a17.188 17.188 0 0 1 17.669 10.719l32.408 81.022a17.188 17.188 0 0 1-6.849 20.958l-64.817 40.513a17.19 17.19 0 0 1-21.264-2.422zM247.126 95.473c11.832 20.047 11.832 45.008 0 65.055-3.95 6.693-13.108 7.959-18.718 2.581l-5.975-5.726c-3.911-3.748-4.793-9.622-2.261-14.41a32.063 32.063 0 0 0 0-29.945c-2.533-4.788-1.65-10.662 2.261-14.41l5.975-5.726c5.61-5.378 14.768-4.112 18.718 2.581zm91.787-91.187c60.14 71.604 60.092 175.882 0 247.428-4.474 5.327-12.53 5.746-17.552.933l-5.798-5.557c-4.56-4.371-4.977-11.529-.93-16.379 49.687-59.538 49.646-145.933 0-205.422-4.047-4.85-3.631-12.008.93-16.379l5.798-5.557c5.022-4.813 13.078-4.394 17.552.933zm-45.972 44.941c36.05 46.322 36.108 111.149 0 157.546-4.39 5.641-12.697 6.251-17.856 1.304l-5.818-5.579c-4.4-4.219-4.998-11.095-1.285-15.931 26.536-34.564 26.534-82.572 0-117.134-3.713-4.836-3.115-11.711 1.285-15.931l5.818-5.579c5.159-4.947 13.466-4.337 17.856 1.304z\"><\/path><\/svg>\t\t\t\t<\/span>\n\t\t\t<\/div>\n\t\t\t\n\t\t\t\t\t\t<div class=\"elementor-icon-box-content\">\n\n\t\t\t\t\t\t\t\t\t<h3 class=\"elementor-icon-box-title\">\n\t\t\t\t\t\t<span  >\n\t\t\t\t\t\t\tContactez-nous\t\t\t\t\t\t<\/span>\n\t\t\t\t\t<\/h3>\n\t\t\t\t\n\t\t\t\t\t\t\t\t\t<p class=\"elementor-icon-box-description\">\n\t\t\t\t\t\tNotre \u00e9quipe est \u00e0 votre \u00e9coute pour toute question, assistance ou demande concernant votre r\u00e9servation ou votre logement sur BolaStay.\n\n\t\t\t\t\t<\/p>\n\t\t\t\t\n\t\t\t<\/div>\n\t\t\t\n\t\t<\/div>\n\t\t\t\t\t\t<\/div>\n\t\t\t\t\t<\/div>\n\t\t\t\t<\/div>\n\t\t<div class=\"elementor-element elementor-element-70aee3f e-con-full e-flex e-con e-parent\" data-id=\"70aee3f\" data-element_type=\"container\" data-e-type=\"container\" data-settings=\"{&quot;background_background&quot;:&quot;classic&quot;}\">\n\t\t\t\t<div class=\"elementor-element elementor-element-e557c09 elementor-widget elementor-widget-heading\" data-id=\"e557c09\" data-element_type=\"widget\" data-e-type=\"widget\" data-widget_type=\"heading.default\">\n\t\t\t\t\t<h2 class=\"elementor-heading-title elementor-size-default\"><section class=\"bs-contact\">\n<div class=\"bs-contact__intro\">\n<div class=\"bs-contact__intro-icon\">\n\n<\/div>\n\n<div class=\"bs-contact__intro-text\">\n\n\n<\/div>\n<\/div>\n\n<div class=\"bs-contact__box\">\n<div class=\"bs-contact__left\">\n\n<a class=\"bs-contact__card\" href=\"https:\/\/wa.me\/2290196579811\" target=\"_blank\" rel=\"noopener\">\n<span class=\"bs-contact__icon\"><i class=\"fab fa-whatsapp\" aria-hidden=\"true\"><\/i><\/span>\n<span class=\"bs-contact__cardText\">\n<span class=\"bs-contact__cardTitle\">WhatsApp<\/span>\n<span class=\"bs-contact__cardDesc\">+229 01 96 57 98 00<\/span>\n<\/span>\n<span class=\"bs-contact__arrow\" aria-hidden=\"true\">\u2192<\/span>\n<\/a>\n\n<a class=\"bs-contact__card\" href=\"tel:+2290196579811\">\n<span class=\"bs-contact__icon\"><i class=\"fas fa-phone-alt\" aria-hidden=\"true\"><\/i><\/span>\n<span class=\"bs-contact__cardText\">\n<span class=\"bs-contact__cardTitle\">T\u00e9l\u00e9phone<\/span>\n<span class=\"bs-contact__cardDesc\">+229 01 96 57 98 00<\/span>\n<\/span>\n<span class=\"bs-contact__arrow\" aria-hidden=\"true\">\u2192<\/span>\n<\/a>\n\n<a class=\"bs-contact__card\" href=\"mailto:contact@bolastay.com\">\n<span class=\"bs-contact__icon\"><i class=\"fas fa-envelope\" aria-hidden=\"true\"><\/i><\/span>\n<span class=\"bs-contact__cardText\">\n<span class=\"bs-contact__cardTitle\">E-mail<\/span>\n<span class=\"bs-contact__cardDesc\">contact@bolastay.com<\/span>\n<\/span>\n<span class=\"bs-contact__arrow\" aria-hidden=\"true\">\u2192<\/span>\n<\/a>\n\n<div class=\"bs-contact__card bs-contact__card--static\">\n<span class=\"bs-contact__icon\"><i class=\"fas fa-map-marker-alt\" aria-hidden=\"true\"><\/i><\/span>\n<span class=\"bs-contact__cardText\">\n<span class=\"bs-contact__cardTitle\">Adresse<\/span>\n<span class=\"bs-contact__cardDesc\">Cotonou, B\u00e9nin<\/span>\n<\/span>\n<\/div>\n\n<\/div>\n\n<div class=\"bs-contact__right\">\n<div class=\"bs-contact__trust\">\n<div class=\"bs-contact__trustItem\">\n<i class=\"fas fa-lock\" aria-hidden=\"true\"><\/i>\n<span>Vos informations restent confidentielles<\/span>\n<\/div>\n<div class=\"bs-contact__trustItem\">\n<i class=\"fas fa-headset\" aria-hidden=\"true\"><\/i>\n<span>Support 7j\/7<\/span>\n<\/div>\n<div class=\"bs-contact__trustItem\">\n<i class=\"fas fa-check-circle\" aria-hidden=\"true\"><\/i>\n<span>R\u00e9ponse rapide<\/span>\n<\/div>\n<\/div>\n<\/div>\n<\/div>\n<\/section><\/h2>\t\t\t\t<\/div>\n\t\t\t\t<\/div>\n\t\t\t\t<\/div>","protected":false},"excerpt":{"rendered":"<p>Contactez-nous Notre \u00e9quipe est \u00e0 votre \u00e9coute pour toute question, assistance ou demande concernant votre r\u00e9servation ou votre logement sur BolaStay. WhatsApp +229 01 96 57 98 00 \u2192 T\u00e9l\u00e9phone +229 01 96 57 98 00 \u2192 E-mail contact@bolastay.com \u2192 Adresse Cotonou, B\u00e9nin Vos informations restent confidentielles Support 7j\/7 R\u00e9ponse rapide<\/p>","protected":false},"author":1,"featured_media":0,"parent":0,"menu_order":0,"comment_status":"closed","ping_status":"closed","template":"elementor_header_footer","meta":{"_monsterinsights_skip_tracking":false,"_monsterinsights_sitenote_active":false,"_monsterinsights_sitenote_note":"","_monsterinsights_sitenote_category":0,"footnotes":""},"class_list":["post-4053","page","type-page","status-publish","hentry"],"aioseo_notices":[],"_hostinger_reach_plugin_has_subscription_block":false,"_hostinger_reach_plugin_is_elementor":false,"_links":{"self":[{"href":"https:\/\/bolastay.com\/en\/wp-json\/wp\/v2\/pages\/4053","targetHints":{"allow":["GET"]}}],"collection":[{"href":"https:\/\/bolastay.com\/en\/wp-json\/wp\/v2\/pages"}],"about":[{"href":"https:\/\/bolastay.com\/en\/wp-json\/wp\/v2\/types\/page"}],"author":[{"embeddable":true,"href":"https:\/\/bolastay.com\/en\/wp-json\/wp\/v2\/users\/1"}],"replies":[{"embeddable":true,"href":"https:\/\/bolastay.com\/en\/wp-json\/wp\/v2\/comments?post=4053"}],"version-history":[{"count":355,"href":"https:\/\/bolastay.com\/en\/wp-json\/wp\/v2\/pages\/4053\/revisions"}],"predecessor-version":[{"id":8423,"href":"https:\/\/bolastay.com\/en\/wp-json\/wp\/v2\/pages\/4053\/revisions\/8423"}],"wp:attachment":[{"href":"https:\/\/bolastay.com\/en\/wp-json\/wp\/v2\/media?parent=4053"}],"curies":[{"name":"wp","href":"https:\/\/api.w.org\/{rel}","templated":true}]}}